{"id":30,"date":"2016-12-28T05:25:03","date_gmt":"2016-12-28T04:25:03","guid":{"rendered":"https:\/\/themify.me\/demo\/themes\/ultra-lawyer\/?page_id=27"},"modified":"2021-06-21T15:51:51","modified_gmt":"2021-06-21T13:51:51","slug":"produits","status":"publish","type":"page","link":"https:\/\/tmsfrancesud.fr\/index.php\/produits\/","title":{"rendered":"Produits"},"content":{"rendered":"<div id=\"themify_builder_content-30\" data-postid=\"30\" class=\"themify_builder_content themify_builder_content-30 themify_builder\">\n    \t<!-- module_row -->\n\t<div   class=\"themify_builder_row module_row clearfix fullwidth_row_container module_row_0 themify_builder_30_row module_row_30-0 tb_edyd660\">\n\t    \t    <div class=\"row_inner col_align_top\" >\n\t\t\t<div  class=\"module_column tb-column col-full first tb_30_column module_column_0 module_column_30-0-0 tb_j8cb661\">\n\t    \t    \t        <div class=\"tb-column-inner\">\n\t\t    <!-- module text -->\n<div  class=\"module module-text tb_4e0g842    wow fadeInUp \">\n            <div  class=\"tb_text_wrap\">\n    <div id=\"comp-k8h4u5bb\" class=\"txtNew\" data-packed=\"true\" data-vertical-text=\"false\">\n<h3 class=\"font_6\">TMS France Sud vous propose un grand nombre de pi\u00e8ces d\u00e9tach\u00e9es en passant de la pi\u00e8ce d&rsquo;origine, \u00e0 la pi\u00e8ce de premi\u00e8re monte et \u00e0 la pi\u00e8ce adaptable.<\/h3>\n<\/div>\n<div id=\"comp-k71rdt0c\" class=\"txtNew\" data-packed=\"true\" data-vertical-text=\"false\">\n<p class=\"font_6\">Vous retrouverez ici l&rsquo;ensemble des\u00a0produits que fournit TMS France Sud ainsi que les marques disponibles pour chacun d&rsquo;entre eux.\u00a0<\/p>\n<\/div>    <\/div>\n<\/div>\n<!-- \/module text -->\n\t        <\/div>\n\t    \t<\/div>\n\t\t    <\/div>\n\t    <!-- \/row_inner -->\n\t<\/div>\n\t<!-- \/module_row -->\n\t\t<!-- module_row -->\n\t<div   class=\"themify_builder_row module_row clearfix our-services fullheight fullwidth_row_container module_row_1 themify_builder_30_row module_row_30-1 tb_1d0p824\">\n\t    \t    <div class=\"row_inner col_align_top\" >\n\t\t\t<div  class=\"module_column tb-column col3-1 first tb_30_column module_column_0 module_column_30-1-0 tb_7hhq842\" >\n\t    \t    \t        <div class=\"tb-column-inner\">\n\t\t        <!-- module image -->\n    <div  class=\"module module-image tb_axjy845  image-center   wow fadeInRight\">\n\t                <div class=\"image-wrap\">\n                            <img loading=\"lazy\" decoding=\"async\" src=\"https:\/\/tmsfrancesud.fr\/wp-content\/uploads\/2020\/07\/moteur-370x300.png\" width=\"370\" height=\"300\" class=\" wp-post-image wp-image-78\" title=\"Moteurs\" alt=\"CATERPILLAR - VOLVO\n\nLIEBHERR - CUMMINS\n\nDEUTZ - KOMATSU\n\nGM - DETROIT DIESEL\n\nIVECO - ISUZU\n\nPERKINS - CASE\n\nLISTER PETTER - DORMAN\" \/>            \n                        <\/div>\n            <!-- \/image-wrap -->\n        \n                    <div class=\"image-content\">\n                                    <h3 class=\"image-title\">\n                                                    Moteurs                                            <\/h3>\n                \n\t\t                    <div class=\"image-caption tb_text_wrap\">\n                        CATERPILLAR &#8211; VOLVO\n\nLIEBHERR &#8211; CUMMINS\n\nDEUTZ &#8211; KOMATSU\n\nGM &#8211; DETROIT DIESEL\n\nIVECO &#8211; ISUZU\n\nPERKINS &#8211; CASE\n\nLISTER PETTER &#8211; DORMAN                <\/div>\n                <!-- \/image-caption -->\n                            <\/div>\n            <!-- \/image-content -->\n        \n        <\/div>\n    <!-- \/module image -->\n    <!-- module image -->\n    <div  class=\"module module-image tb_r9fs844  image-center   wow fadeInRight\">\n\t                <div class=\"image-wrap\">\n                            <img loading=\"lazy\" decoding=\"async\" src=\"https:\/\/tmsfrancesud.fr\/wp-content\/uploads\/2020\/07\/chariot-ev-370x300.png\" width=\"370\" height=\"300\" class=\" wp-post-image wp-image-79\" title=\"Chariots \u00e9l\u00e9vateurs\" alt=\"CAT FENWICK HYSTER\" \/>            \n                        <\/div>\n            <!-- \/image-wrap -->\n        \n                    <div class=\"image-content\">\n                                    <h3 class=\"image-title\">\n                                                    Chariots \u00e9l\u00e9vateurs                                            <\/h3>\n                \n\t\t                    <div class=\"image-caption tb_text_wrap\">\n                        CAT FENWICK HYSTER                <\/div>\n                <!-- \/image-caption -->\n                            <\/div>\n            <!-- \/image-content -->\n        \n        <\/div>\n    <!-- \/module image -->\n    <!-- module image -->\n    <div  class=\"module module-image tb_brxg557  image-center   wow fadeInLeft\">\n\t                <div class=\"image-wrap\">\n                            <img loading=\"lazy\" decoding=\"async\" src=\"https:\/\/tmsfrancesud.fr\/wp-content\/uploads\/2020\/07\/mdt-400x300.png\" width=\"400\" height=\"300\" class=\" wp-post-image wp-image-90\" title=\"Machines de terrassement\" alt=\"Atlas - Caterpillar - Michigan\n\nCase - Case poclain - O\" \/>            \n                        <\/div>\n            <!-- \/image-wrap -->\n        \n                    <div class=\"image-content\">\n                                    <h3 class=\"image-title\">\n                                                    Machines de terrassement                                            <\/h3>\n                \n\t\t                    <div class=\"image-caption tb_text_wrap\">\n                        Atlas &#8211; Caterpillar &#8211; Michigan\n\nCase &#8211; Case poclain &#8211; O&#038;K\n\nChampion &#8211; Daewoo &#8211; New-holland\n\nDoosan &#8211; Dresser &#8211; Samsung\n\nEuclid &#8211; Grave Coles &#8211; Terex\n\nFiat &#8211; Fiat Htachi &#8211; Volvo\n\nHanomag &#8211; Hitachi &#8211; Wackers\n\nHyundai &#8211; JCB &#8211; Liebherr\n\nJohn Deere &#8211; Komatsu &#8211; Moxy                <\/div>\n                <!-- \/image-caption -->\n                            <\/div>\n            <!-- \/image-content -->\n        \n        <\/div>\n    <!-- \/module image -->\n\t        <\/div>\n\t    \t<\/div>\n\t\t<div  class=\"module_column tb-column col3-1 middle tb_30_column module_column_1 module_column_30-1-1 tb_sfcu352\" >\n\t    \t    \t        <div class=\"tb-column-inner\">\n\t\t        <!-- module image -->\n    <div  class=\"module module-image tb_ggms846  image-center   wow fadeInRight\">\n\t                <div class=\"image-wrap\">\n                            <img loading=\"lazy\" decoding=\"async\" src=\"https:\/\/tmsfrancesud.fr\/wp-content\/uploads\/2020\/07\/motor-1381998_960_720-370x290.jpg\" width=\"370\" height=\"290\" class=\" wp-post-image wp-image-82\" title=\"Transmissions\" alt=\"Allison\n\n\u200b\n\nClark Twin Dise ZF\" \/>            \n                        <\/div>\n            <!-- \/image-wrap -->\n        \n                    <div class=\"image-content\">\n                                    <h3 class=\"image-title\">\n                                                    Transmissions                                            <\/h3>\n                \n\t\t                    <div class=\"image-caption tb_text_wrap\">\n                        Allison\n\n\u200b\n\nClark Twin Dise ZF                <\/div>\n                <!-- \/image-caption -->\n                            <\/div>\n            <!-- \/image-content -->\n        \n        <\/div>\n    <!-- \/module image -->\n    <!-- module image -->\n    <div  class=\"module module-image tb_i9z7844  image-center   wow fadeInLeft\">\n\t                <div class=\"image-wrap\">\n                            <img loading=\"lazy\" decoding=\"async\" src=\"https:\/\/tmsfrancesud.fr\/wp-content\/uploads\/2020\/07\/compacteur-370x300.png\" width=\"370\" height=\"300\" class=\" wp-post-image wp-image-83\" title=\"Compacteurs \/ Finisseurs\" alt=\"ABG\n\nBarber green\n\nBitelli\n\nBomag\n\nDemag\n\nHamm\n\nMarini\n\nVogele\" \/>            \n                        <\/div>\n            <!-- \/image-wrap -->\n        \n                    <div class=\"image-content\">\n                                    <h3 class=\"image-title\">\n                                                    Compacteurs \/ Finisseurs                                            <\/h3>\n                \n\t\t                    <div class=\"image-caption tb_text_wrap\">\n                        ABG\n\nBarber green\n\nBitelli\n\nBomag\n\nDemag\n\nHamm\n\nMarini\n\nVogele                <\/div>\n                <!-- \/image-caption -->\n                            <\/div>\n            <!-- \/image-content -->\n        \n        <\/div>\n    <!-- \/module image -->\n    <!-- module image -->\n    <div  class=\"module module-image tb_n8nc845  image-center   wow fadeInLeft\">\n\t                <div class=\"image-wrap\">\n                            <img loading=\"lazy\" decoding=\"async\" src=\"https:\/\/tmsfrancesud.fr\/wp-content\/uploads\/2020\/07\/machine-de-forage2-400x300.png\" width=\"400\" height=\"300\" class=\" wp-post-image wp-image-91\" title=\"Machines de forages \/ Compresseurs\" alt=\"Atlas Copco Furukawa Hausherr Ingerssol Rand Tamrock\" \/>            \n                        <\/div>\n            <!-- \/image-wrap -->\n        \n                    <div class=\"image-content\">\n                                    <h3 class=\"image-title\">\n                                                    Machines de forages \/ Compresseurs                                            <\/h3>\n                \n\t\t                    <div class=\"image-caption tb_text_wrap\">\n                        Atlas Copco Furukawa Hausherr Ingerssol Rand Tamrock                <\/div>\n                <!-- \/image-caption -->\n                            <\/div>\n            <!-- \/image-content -->\n        \n        <\/div>\n    <!-- \/module image -->\n\t        <\/div>\n\t    \t<\/div>\n\t\t<div  class=\"module_column tb-column col3-1 last tb_30_column module_column_2 module_column_30-1-2 tb_5ltc479\">\n\t    \t    \t        <div class=\"tb-column-inner\">\n\t\t        <!-- module image -->\n    <div  class=\"module module-image tb_hytt845  image-center   wow fadeInLeft\">\n\t                <div class=\"image-wrap\">\n                            <img loading=\"lazy\" decoding=\"async\" src=\"https:\/\/tmsfrancesud.fr\/wp-content\/uploads\/2021\/06\/train-de-chenille-acier-370x310.jpg\" width=\"370\" height=\"310\" class=\" wp-post-image wp-image-117\" title=\"Train de Cha\u00eenes\" alt=\"Nous vous proposons toutes les cha\u00eenes d&#039;origine ainsi que ITR.\" \/>            \n                        <\/div>\n            <!-- \/image-wrap -->\n        \n                    <div class=\"image-content\">\n                                    <h3 class=\"image-title\">\n                                                    Train de Cha\u00eenes                                            <\/h3>\n                \n\t\t                    <div class=\"image-caption tb_text_wrap\">\n                        Nous vous proposons toutes les cha\u00eenes d&rsquo;origine ainsi que ITR.                <\/div>\n                <!-- \/image-caption -->\n                            <\/div>\n            <!-- \/image-content -->\n        \n        <\/div>\n    <!-- \/module image -->\n    <!-- module image -->\n    <div  class=\"module module-image tb_sue8845  image-center   wow fadeInRight\">\n\t                <div class=\"image-wrap\">\n                            <img loading=\"lazy\" decoding=\"async\" src=\"https:\/\/tmsfrancesud.fr\/wp-content\/uploads\/2020\/07\/filter-640487_960_720-370x300.jpg\" width=\"370\" height=\"300\" class=\" wp-post-image wp-image-80\" title=\"Filtres\" alt=\"Donaldson Fleetguard Luberfiner\" \/>            \n                        <\/div>\n            <!-- \/image-wrap -->\n        \n                    <div class=\"image-content\">\n                                    <h3 class=\"image-title\">\n                                                    Filtres                                            <\/h3>\n                \n\t\t                    <div class=\"image-caption tb_text_wrap\">\n                        Donaldson Fleetguard Luberfiner                <\/div>\n                <!-- \/image-caption -->\n                            <\/div>\n            <!-- \/image-content -->\n        \n        <\/div>\n    <!-- \/module image -->\n    <!-- module image -->\n    <div  class=\"module module-image tb_idny846  image-center   wow fadeInLeft\">\n\t                <div class=\"image-wrap\">\n                            <img loading=\"lazy\" decoding=\"async\" src=\"https:\/\/tmsfrancesud.fr\/wp-content\/uploads\/2020\/07\/pl-400x300.png\" width=\"400\" height=\"300\" class=\" wp-post-image wp-image-92\" title=\"Camions\" alt=\"DAF Iveco Mercedes Volvo Scania MAN RVI\" \/>            \n                        <\/div>\n            <!-- \/image-wrap -->\n        \n                    <div class=\"image-content\">\n                                    <h3 class=\"image-title\">\n                                                    Camions                                            <\/h3>\n                \n\t\t                    <div class=\"image-caption tb_text_wrap\">\n                        DAF Iveco Mercedes Volvo Scania MAN RVI                <\/div>\n                <!-- \/image-caption -->\n                            <\/div>\n            <!-- \/image-content -->\n        \n        <\/div>\n    <!-- \/module image -->\n\t        <\/div>\n\t    \t<\/div>\n\t\t    <\/div>\n\t    <!-- \/row_inner -->\n\t<\/div>\n\t<!-- \/module_row -->\n\t\t<!-- module_row -->\n\t<div  class=\"themify_builder_row module_row clearfix module_row_2 themify_builder_30_row module_row_30-2 tb_ayv2486\">\n\t    \t    <div class=\"row_inner col_align_top\" >\n\t\t\t<div  class=\"module_column tb-column col-full first tb_30_column module_column_0 module_column_30-2-0 tb_pmp2488\">\n\t    \t    \t        <div class=\"tb-column-inner\">\n\t\t    <!-- module text -->\n<div  class=\"module module-text tb_mzww980    \">\n            <div  class=\"tb_text_wrap\">\n    <div id=\"comp-k7g0t7xc\" class=\"txtNew\" data-packed=\"true\" data-vertical-text=\"false\">\n<h6 class=\"font_6\" style=\"text-align: center;\">Tous les noms, r\u00e9f\u00e9rences, symboles et descriptions des fabricants sont utilis\u00e9s aux seules fins d identifier des r\u00e9f\u00e9rences de produits\u00a0et appartient a eux seuls.<\/h6>\n<\/div>\n<div id=\"comp-k71z7j0l\" class=\"txtNew\" data-packed=\"false\" data-vertical-text=\"false\" data-min-height=\"24\">\n<p class=\"font_6\" style=\"text-align: center;\">* Sur t\u00e9l\u00e9phone, vous r\u00e9f\u00e9rez au site internet via un ordinateur pour d\u00e9couvrir nos produits ainsi que les marques.<\/p>\n<\/div>    <\/div>\n<\/div>\n<!-- \/module text -->\n\t        <\/div>\n\t    \t<\/div>\n\t\t    <\/div>\n\t    <!-- \/row_inner -->\n\t<\/div>\n\t<!-- \/module_row -->\n\t<\/div>\n\n\n","protected":false},"excerpt":{"rendered":"<p>TMS France Sud vous propose un grand nombre de pi\u00e8ces d\u00e9tach\u00e9es en passant de la pi\u00e8ce d&rsquo;origine, \u00e0 la pi\u00e8ce de premi\u00e8re monte et \u00e0 la pi\u00e8ce adaptable. Vous retrouverez ici l&rsquo;ensemble des\u00a0produits que fournit TMS France Sud ainsi que les marques disponibles pour chacun d&rsquo;entre eux.\u00a0 Moteurs CATERPILLAR &#8211; VOLVO LIEBHERR &#8211; CUMMINS DEUTZ [&hellip;]<\/p>\n","protected":false},"author":1,"featured_media":0,"parent":0,"menu_order":0,"comment_status":"closed","ping_status":"closed","template":"","meta":{"footnotes":""},"class_list":["post-30","page","type-page","status-publish","hentry","has-post-title","has-post-date","has-post-category","has-post-tag","has-post-comment","has-post-author",""],"yoast_head":"<!-- This site is optimized with the Yoast SEO plugin v17.7.1 - https:\/\/yoast.com\/wordpress\/plugins\/seo\/ -->\n<title>Produits - TMSFranceSud<\/title>\n<meta name=\"robots\" content=\"index, follow, max-snippet:-1, max-image-preview:large, max-video-preview:-1\" \/>\n<link rel=\"canonical\" href=\"https:\/\/tmsfrancesud.fr\/index.php\/produits\/\" \/>\n<meta property=\"og:locale\" content=\"fr_FR\" \/>\n<meta property=\"og:type\" content=\"article\" \/>\n<meta property=\"og:title\" content=\"Produits - TMSFranceSud\" \/>\n<meta property=\"og:description\" content=\"TMS France Sud vous propose un grand nombre de pi\u00e8ces d\u00e9tach\u00e9es en passant de la pi\u00e8ce d&rsquo;origine, \u00e0 la pi\u00e8ce de premi\u00e8re monte et \u00e0 la pi\u00e8ce adaptable. Vous retrouverez ici l&rsquo;ensemble des\u00a0produits que fournit TMS France Sud ainsi que les marques disponibles pour chacun d&rsquo;entre eux.\u00a0 Moteurs CATERPILLAR &#8211; VOLVO LIEBHERR &#8211; CUMMINS DEUTZ [&hellip;]\" \/>\n<meta property=\"og:url\" content=\"https:\/\/tmsfrancesud.fr\/index.php\/produits\/\" \/>\n<meta property=\"og:site_name\" content=\"TMSFranceSud\" \/>\n<meta property=\"article:modified_time\" content=\"2021-06-21T13:51:51+00:00\" \/>\n<meta property=\"og:image\" content=\"https:\/\/tmsfrancesud.fr\/wp-content\/uploads\/2020\/07\/moteur-370x300.png\" \/>\n<meta name=\"twitter:card\" content=\"summary_large_image\" \/>\n<meta name=\"twitter:label1\" content=\"Dur\u00e9e de lecture estim\u00e9e\" \/>\n\t<meta name=\"twitter:data1\" content=\"1 minute\" \/>\n<script type=\"application\/ld+json\" class=\"yoast-schema-graph\">{\"@context\":\"https:\/\/schema.org\",\"@graph\":[{\"@type\":\"WebSite\",\"@id\":\"https:\/\/tmsfrancesud.fr\/#website\",\"url\":\"https:\/\/tmsfrancesud.fr\/\",\"name\":\"TMSFranceSud\",\"description\":\"Vente de pi\\u00e8ces d\\u00e9tach\\u00e9es pour engins de terrassement, mines et carri\\u00e8res\",\"potentialAction\":[{\"@type\":\"SearchAction\",\"target\":{\"@type\":\"EntryPoint\",\"urlTemplate\":\"https:\/\/tmsfrancesud.fr\/?s={search_term_string}\"},\"query-input\":\"required name=search_term_string\"}],\"inLanguage\":\"fr-FR\"},{\"@type\":\"ImageObject\",\"@id\":\"https:\/\/tmsfrancesud.fr\/index.php\/produits\/#primaryimage\",\"inLanguage\":\"fr-FR\",\"url\":\"https:\/\/tmsfrancesud.fr\/wp-content\/uploads\/2020\/07\/moteur.png\",\"contentUrl\":\"https:\/\/tmsfrancesud.fr\/wp-content\/uploads\/2020\/07\/moteur.png\",\"width\":685,\"height\":520},{\"@type\":\"WebPage\",\"@id\":\"https:\/\/tmsfrancesud.fr\/index.php\/produits\/#webpage\",\"url\":\"https:\/\/tmsfrancesud.fr\/index.php\/produits\/\",\"name\":\"Produits - TMSFranceSud\",\"isPartOf\":{\"@id\":\"https:\/\/tmsfrancesud.fr\/#website\"},\"primaryImageOfPage\":{\"@id\":\"https:\/\/tmsfrancesud.fr\/index.php\/produits\/#primaryimage\"},\"datePublished\":\"2016-12-28T04:25:03+00:00\",\"dateModified\":\"2021-06-21T13:51:51+00:00\",\"breadcrumb\":{\"@id\":\"https:\/\/tmsfrancesud.fr\/index.php\/produits\/#breadcrumb\"},\"inLanguage\":\"fr-FR\",\"potentialAction\":[{\"@type\":\"ReadAction\",\"target\":[\"https:\/\/tmsfrancesud.fr\/index.php\/produits\/\"]}]},{\"@type\":\"BreadcrumbList\",\"@id\":\"https:\/\/tmsfrancesud.fr\/index.php\/produits\/#breadcrumb\",\"itemListElement\":[{\"@type\":\"ListItem\",\"position\":1,\"name\":\"Accueil\",\"item\":\"https:\/\/tmsfrancesud.fr\/\"},{\"@type\":\"ListItem\",\"position\":2,\"name\":\"Produits\"}]}]}<\/script>\n<!-- \/ Yoast SEO plugin. -->","yoast_head_json":{"title":"Produits - TMSFranceSud","robots":{"index":"index","follow":"follow","max-snippet":"max-snippet:-1","max-image-preview":"max-image-preview:large","max-video-preview":"max-video-preview:-1"},"canonical":"https:\/\/tmsfrancesud.fr\/index.php\/produits\/","og_locale":"fr_FR","og_type":"article","og_title":"Produits - TMSFranceSud","og_description":"TMS France Sud vous propose un grand nombre de pi\u00e8ces d\u00e9tach\u00e9es en passant de la pi\u00e8ce d&rsquo;origine, \u00e0 la pi\u00e8ce de premi\u00e8re monte et \u00e0 la pi\u00e8ce adaptable. Vous retrouverez ici l&rsquo;ensemble des\u00a0produits que fournit TMS France Sud ainsi que les marques disponibles pour chacun d&rsquo;entre eux.\u00a0 Moteurs CATERPILLAR &#8211; VOLVO LIEBHERR &#8211; CUMMINS DEUTZ [&hellip;]","og_url":"https:\/\/tmsfrancesud.fr\/index.php\/produits\/","og_site_name":"TMSFranceSud","article_modified_time":"2021-06-21T13:51:51+00:00","og_image":[{"url":"https:\/\/tmsfrancesud.fr\/wp-content\/uploads\/2020\/07\/moteur-370x300.png"}],"twitter_card":"summary_large_image","twitter_misc":{"Dur\u00e9e de lecture estim\u00e9e":"1 minute"},"schema":{"@context":"https:\/\/schema.org","@graph":[{"@type":"WebSite","@id":"https:\/\/tmsfrancesud.fr\/#website","url":"https:\/\/tmsfrancesud.fr\/","name":"TMSFranceSud","description":"Vente de pi\u00e8ces d\u00e9tach\u00e9es pour engins de terrassement, mines et carri\u00e8res","potentialAction":[{"@type":"SearchAction","target":{"@type":"EntryPoint","urlTemplate":"https:\/\/tmsfrancesud.fr\/?s={search_term_string}"},"query-input":"required name=search_term_string"}],"inLanguage":"fr-FR"},{"@type":"ImageObject","@id":"https:\/\/tmsfrancesud.fr\/index.php\/produits\/#primaryimage","inLanguage":"fr-FR","url":"https:\/\/tmsfrancesud.fr\/wp-content\/uploads\/2020\/07\/moteur.png","contentUrl":"https:\/\/tmsfrancesud.fr\/wp-content\/uploads\/2020\/07\/moteur.png","width":685,"height":520},{"@type":"WebPage","@id":"https:\/\/tmsfrancesud.fr\/index.php\/produits\/#webpage","url":"https:\/\/tmsfrancesud.fr\/index.php\/produits\/","name":"Produits - TMSFranceSud","isPartOf":{"@id":"https:\/\/tmsfrancesud.fr\/#website"},"primaryImageOfPage":{"@id":"https:\/\/tmsfrancesud.fr\/index.php\/produits\/#primaryimage"},"datePublished":"2016-12-28T04:25:03+00:00","dateModified":"2021-06-21T13:51:51+00:00","breadcrumb":{"@id":"https:\/\/tmsfrancesud.fr\/index.php\/produits\/#breadcrumb"},"inLanguage":"fr-FR","potentialAction":[{"@type":"ReadAction","target":["https:\/\/tmsfrancesud.fr\/index.php\/produits\/"]}]},{"@type":"BreadcrumbList","@id":"https:\/\/tmsfrancesud.fr\/index.php\/produits\/#breadcrumb","itemListElement":[{"@type":"ListItem","position":1,"name":"Accueil","item":"https:\/\/tmsfrancesud.fr\/"},{"@type":"ListItem","position":2,"name":"Produits"}]}]}},"builder_content":"<h3>TMS France Sud vous propose un grand nombre de pi\u00e8ces d\u00e9tach\u00e9es en passant de la pi\u00e8ce d'origine, \u00e0 la pi\u00e8ce de premi\u00e8re monte et \u00e0 la pi\u00e8ce adaptable.<\/h3>\n<p>Vous retrouverez ici l'ensemble des\u00a0produits que fournit TMS France Sud ainsi que les marques disponibles pour chacun d'entre eux.\u00a0<\/p>\n<img loading=\"lazy\" decoding=\"async\" src=\"https:\/\/tmsfrancesud.fr\/wp-content\/uploads\/2020\/07\/moteur-370x300.png\" width=\"370\" height=\"300\" title=\"Moteurs\" alt=\"CATERPILLAR - VOLVO\nLIEBHERR - CUMMINS\nDEUTZ - KOMATSU\nGM - DETROIT DIESEL\nIVECO - ISUZU\nPERKINS - CASE\nLISTER PETTER - DORMAN\" \/> <h3> Moteurs <\/h3> CATERPILLAR - VOLVO\nLIEBHERR - CUMMINS\nDEUTZ - KOMATSU\nGM - DETROIT DIESEL\nIVECO - ISUZU\nPERKINS - CASE\nLISTER PETTER - DORMAN\n<img loading=\"lazy\" decoding=\"async\" src=\"https:\/\/tmsfrancesud.fr\/wp-content\/uploads\/2020\/07\/chariot-ev-370x300.png\" width=\"370\" height=\"300\" title=\"Chariots \u00e9l\u00e9vateurs\" alt=\"CAT FENWICK HYSTER\" \/> <h3> Chariots \u00e9l\u00e9vateurs <\/h3> CAT FENWICK HYSTER\n<img loading=\"lazy\" decoding=\"async\" src=\"https:\/\/tmsfrancesud.fr\/wp-content\/uploads\/2020\/07\/mdt-400x300.png\" width=\"400\" height=\"300\" title=\"Machines de terrassement\" alt=\"Atlas - Caterpillar - Michigan\nCase - Case poclain - O\" \/> <h3> Machines de terrassement <\/h3> Atlas - Caterpillar - Michigan\nCase - Case poclain - O&K\nChampion - Daewoo - New-holland\nDoosan - Dresser - Samsung\nEuclid - Grave Coles - Terex\nFiat - Fiat Htachi - Volvo\nHanomag - Hitachi - Wackers\nHyundai - JCB - Liebherr\nJohn Deere - Komatsu - Moxy\n<img loading=\"lazy\" decoding=\"async\" src=\"https:\/\/tmsfrancesud.fr\/wp-content\/uploads\/2020\/07\/motor-1381998_960_720-370x290.jpg\" width=\"370\" height=\"290\" title=\"Transmissions\" alt=\"Allison\n\u200b\nClark Twin Dise ZF\" \/> <h3> Transmissions <\/h3> Allison\n\u200b\nClark Twin Dise ZF\n<img loading=\"lazy\" decoding=\"async\" src=\"https:\/\/tmsfrancesud.fr\/wp-content\/uploads\/2020\/07\/compacteur-370x300.png\" width=\"370\" height=\"300\" title=\"Compacteurs \/ Finisseurs\" alt=\"ABG\nBarber green\nBitelli\nBomag\nDemag\nHamm\nMarini\nVogele\" \/> <h3> Compacteurs \/ Finisseurs <\/h3> ABG\nBarber green\nBitelli\nBomag\nDemag\nHamm\nMarini\nVogele\n<img loading=\"lazy\" decoding=\"async\" src=\"https:\/\/tmsfrancesud.fr\/wp-content\/uploads\/2020\/07\/machine-de-forage2-400x300.png\" width=\"400\" height=\"300\" title=\"Machines de forages \/ Compresseurs\" alt=\"Atlas Copco Furukawa Hausherr Ingerssol Rand Tamrock\" \/> <h3> Machines de forages \/ Compresseurs <\/h3> Atlas Copco Furukawa Hausherr Ingerssol Rand Tamrock\n<img loading=\"lazy\" decoding=\"async\" src=\"https:\/\/tmsfrancesud.fr\/wp-content\/uploads\/2021\/06\/train-de-chenille-acier-370x310.jpg\" width=\"370\" height=\"310\" title=\"Train de Cha\u00eenes\" alt=\"Nous vous proposons toutes les cha\u00eenes d&#039;origine ainsi que ITR.\" \/> <h3> Train de Cha\u00eenes <\/h3> Nous vous proposons toutes les cha\u00eenes d'origine ainsi que ITR.\n<img loading=\"lazy\" decoding=\"async\" src=\"https:\/\/tmsfrancesud.fr\/wp-content\/uploads\/2020\/07\/filter-640487_960_720-370x300.jpg\" width=\"370\" height=\"300\" title=\"Filtres\" alt=\"Donaldson Fleetguard Luberfiner\" \/> <h3> Filtres <\/h3> Donaldson Fleetguard Luberfiner\n<img loading=\"lazy\" decoding=\"async\" src=\"https:\/\/tmsfrancesud.fr\/wp-content\/uploads\/2020\/07\/pl-400x300.png\" width=\"400\" height=\"300\" title=\"Camions\" alt=\"DAF Iveco Mercedes Volvo Scania MAN RVI\" \/> <h3> Camions <\/h3> DAF Iveco Mercedes Volvo Scania MAN RVI\n<h6 style=\"text-align: center;\">Tous les noms, r\u00e9f\u00e9rences, symboles et descriptions des fabricants sont utilis\u00e9s aux seules fins d identifier des r\u00e9f\u00e9rences de produits\u00a0et appartient a eux seuls.<\/h6>\n<p style=\"text-align: center;\">* Sur t\u00e9l\u00e9phone, vous r\u00e9f\u00e9rez au site internet via un ordinateur pour d\u00e9couvrir nos produits ainsi que les marques.<\/p>","_links":{"self":[{"href":"https:\/\/tmsfrancesud.fr\/index.php\/wp-json\/wp\/v2\/pages\/30","targetHints":{"allow":["GET"]}}],"collection":[{"href":"https:\/\/tmsfrancesud.fr\/index.php\/wp-json\/wp\/v2\/pages"}],"about":[{"href":"https:\/\/tmsfrancesud.fr\/index.php\/wp-json\/wp\/v2\/types\/page"}],"author":[{"embeddable":true,"href":"https:\/\/tmsfrancesud.fr\/index.php\/wp-json\/wp\/v2\/users\/1"}],"replies":[{"embeddable":true,"href":"https:\/\/tmsfrancesud.fr\/index.php\/wp-json\/wp\/v2\/comments?post=30"}],"version-history":[{"count":5,"href":"https:\/\/tmsfrancesud.fr\/index.php\/wp-json\/wp\/v2\/pages\/30\/revisions"}],"predecessor-version":[{"id":119,"href":"https:\/\/tmsfrancesud.fr\/index.php\/wp-json\/wp\/v2\/pages\/30\/revisions\/119"}],"wp:attachment":[{"href":"https:\/\/tmsfrancesud.fr\/index.php\/wp-json\/wp\/v2\/media?parent=30"}],"curies":[{"name":"wp","href":"https:\/\/api.w.org\/{rel}","templated":true}]}}