{"id":27,"date":"2016-12-28T05:25:41","date_gmt":"2016-12-28T04:25:41","guid":{"rendered":"https:\/\/themify.me\/demo\/themes\/ultra-lawyer\/?page_id=29"},"modified":"2023-09-28T15:48:02","modified_gmt":"2023-09-28T13:48:02","slug":"contact","status":"publish","type":"page","link":"https:\/\/tmsfrancesud.fr\/index.php\/contact\/","title":{"rendered":"Contact"},"content":{"rendered":"\n\n<div id=\"themify_builder_content-27\" data-postid=\"27\" class=\"themify_builder_content themify_builder_content-27 themify_builder\">\n    \t<!-- module_row -->\n\t<div   class=\"themify_builder_row module_row clearfix module_row_0 themify_builder_27_row module_row_27-0 tb_644b759\">\n\t    \t    <div class=\"row_inner col_align_top\" >\n\t\t\t<div  class=\"module_column tb-column col-full first tb_27_column module_column_0 module_column_27-0-0 tb_c9d234c\">\n\t    \t    \t        <div class=\"tb-column-inner\">\n\t\t    <!-- module text -->\n<div  class=\"module module-text tb_4cbcd3a    wow fadeInRight \">\n            <div  class=\"tb_text_wrap\">\n    <div id=\"comp-il58sepf\" class=\"txtNew\" data-packed=\"true\" data-vertical-text=\"false\">\n<h3 class=\"font_2\">CONTACTEZ-NOUS<\/h3>\n<\/div>    <\/div>\n<\/div>\n<!-- \/module text -->\n    <!-- module icon -->\n    <div  class=\"module module-icon tb_cead636 contact-info small none icon_vertical icon_position_left  wow fadeInRight\">\n\t        \t<div class=\"module-icon\">\n                            <div class=\"module-icon-item\">\n                                                                        <i class=\"ti-home ui tb_default_color\"><\/i>\n                                                                            <span> 11 rue de l'Artisanat, PAE La Baume 1, 34290 Servian<\/span>\n                                                                <\/div>\n                            <div class=\"module-icon-item\">\n                                                                        <i class=\"ti-email ui tb_default_color\"><\/i>\n                                                                            <span>tmsfrancesud@tmsfrancesud.fr<\/span>\n                                                                <\/div>\n                            <div class=\"module-icon-item\">\n                                                                        <i class=\"fa fa-phone ui tb_default_color\"><\/i>\n                                                                            <span>04 67 39 29 19 <\/span>\n                                                                <\/div>\n                            <div class=\"module-icon-item\">\n                                                                                                            <\/div>\n                    <\/div>\n    <\/div>\n    <!-- \/module icon -->\n\t        <\/div>\n\t    \t<\/div>\n\t\t    <\/div>\n\t    <!-- \/row_inner -->\n\t<\/div>\n\t<!-- \/module_row -->\n\t\t<!-- module_row -->\n\t<div   class=\"themify_builder_row module_row clearfix repeat module_row_1 themify_builder_27_row module_row_27-1 tb_6kpt454\">\n\t    \t    <div class=\"row_inner col_align_top\" >\n\t\t\t<div  class=\"module_column tb-column col-full first tb_27_column module_column_0 module_column_27-1-0 tb_algp456\">\n\t    \t    \t        <div class=\"tb-column-inner\">\n\t\t    <script type=\"text\/javascript\">\n\t\t\t\t\t\t\t\t\tvar id =\"contact-css\";\n\t\t\t\t\t\t\t\t\tif(document.getElementById(id)===null){\n\t\t\t\t\t\t\t\t\t    var link = document.createElement(\"link\");\n\t\t\t\t\t\t\t\t\t    link.rel=\"stylesheet\";\n\t\t\t\t\t\t\t\t\t    link.type=\"text\/css\";\n\t\t\t\t\t\t\t\t\t    link.id=id;\n\t\t\t\t\t\t\t\t\t    link.href=\"https:\/\/tmsfrancesud.fr\/wp-content\/plugins\/builder-contact\/assets\/style.min.css?ver=1.3.7\";\n\t\t\t\t\t\t\t\t\t    document.body.appendChild(link);\n\t\t\t\t\t\t\t\t\t}\n\t\t\t\t\t\t\t<\/script>    <!-- module contact -->\n    <div  id=\"contact-27-1-0-0\" class=\"module module-contact contact-27-1-0-0 contact-style2   tb_cwxe460\">\n        \n        \n        <form action=\"https:\/\/tmsfrancesud.fr\/wp-admin\/admin-ajax.php\" class=\"builder-contact\" id=\"contact-27-1-0-0-form\" method=\"post\">\n            <div class=\"contact-message\"><\/div>\n\t    <div class=\"builder-contact-fields\">\n\t                    <div class=\"builder-contact-field builder-contact-field-name builder-contact-text-field\" data-order=\"0\">\n                    <label class=\"control-label\" for=\"contact-27-1-0-0-contact-name\"><span class=\"tb-label-span\">Nom <\/span><span class=\"required\">*<\/span><\/label>\n                    <div class=\"control-input\">\n                        <input type=\"text\" name=\"contact-name\" placeholder=\"\" id=\"contact-27-1-0-0-contact-name\" value=\"\" class=\"form-control\" required\/>\n                    <\/div>\n                <\/div>\n\t    \t                    <div class=\"builder-contact-field builder-contact-field-email builder-contact-text-field\" data-order=\"2\">\n                    <label class=\"control-label\" for=\"contact-27-1-0-0-contact-email\"><span class=\"tb-label-span\">Email <\/span><span class=\"required\">*<\/span><\/label>\n                    <div class=\"control-input\">\n                        <input type=\"text\" name=\"contact-email\" placeholder=\"\" id=\"contact-27-1-0-0-contact-email\" value=\"\" class=\"form-control\" required \/>\n                    <\/div>\n                <\/div>\n\t    \t                        <div class=\"builder-contact-field builder-contact-field-subject builder-contact-text-field\" data-order=\"3\">\n                        <label class=\"control-label\" for=\"contact-27-1-0-0-contact-subject\"><span class=\"tb-label-span\">Objet<\/span> <span class=\"required\">*<\/span><\/label>\n                        <div class=\"control-input\">\n                            <input type=\"text\" name=\"contact-subject\" placeholder=\"\" id=\"contact-27-1-0-0-contact-subject\" value=\"\" class=\"form-control\" required \/>\n                        <\/div>\n                    <\/div>\n                \n\t\t\t\t    <div class=\"builder-contact-field builder-contact-field-message builder-contact-textarea-field\" data-order=\"4\">\n\t\t\t<label class=\"control-label\" for=\"contact-27-1-0-0-contact-message\"><span class=\"tb-label-span\">Message <\/span><span class=\"required\">*<\/span><\/label>\n\t\t\t<div class=\"control-input\">\n\t\t\t    <textarea name=\"contact-message\" placeholder=\"\" id=\"contact-27-1-0-0-contact-message\" rows=\"8\" cols=\"45\" class=\"form-control\" required><\/textarea>\n\t\t\t<\/div>\n\t\t    <\/div>\n\t\t\n                                                                                    <div class=\"builder-contact-field builder-contact-field-extra builder-contact-text-field\" data-order=\"1\">\n                            <label class=\"control-label\" for=\"field_extra_0\">\n                                Entreprise                                                                    <input type=\"hidden\" name=\"field_extra_name_0\" value=\"Entreprise\"\/>\n                                                                    <span class=\"required\">*<\/span>\n                                                            <\/label>\n                            <div class=\"control-input\">\n                                                                    <input type=\"text\" name=\"field_extra_0\" id=\"field_extra_0\" placeholder=\"\" class=\"form-control\" required \/>\n                                                            <\/div>\n                        <\/div>\n                                    \t\t\t\t\n                \n\t\t\t\t\n                \n                <div class=\"builder-contact-field builder-contact-field-send\" data-order=\"10000\">\n                    <div class=\"control-input builder-contact-field-send-right\">\n                        <button type=\"submit\" class=\"btn btn-primary\"> <i class=\"fa fa-cog fa-spin\"><\/i> Envoyer <\/button>\n                    <\/div>\n                <\/div>\n            <\/div>\n            <script type=\"text\/html\" class=\"builder-contact-form-data\">YToxNDp7czo2OiJzZW5kdG8iO3M6MjQ6InRtcy1mcmFuY2Utc3VkQG9yYW5nZS5mciI7czoyMDoic3BlY2lmeV9mcm9tX2FkZHJlc3MiO3M6MDoiIjtzOjE0OiJzZW5kX3RvX2FkbWlucyI7czo0OiJ0cnVlIjtzOjIxOiJzcGVjaWZ5X2VtYWlsX2FkZHJlc3MiO3M6MDoiIjtzOjM6ImJjYyI7czowOiIiO3M6MTY6ImFjdGl2ZV9iY2NfZW1haWwiO3M6MDoiIjtzOjE1OiJkZWZhdWx0X3N1YmplY3QiO3M6MDoiIjtzOjExOiJzdWNjZXNzX3VybCI7czowOiIiO3M6OToicG9zdF90eXBlIjtzOjA6IiI7czoxMToicG9zdF9hdXRob3IiO2I6MDtzOjIwOiJzdWNjZXNzX21lc3NhZ2VfdGV4dCI7czoyNDoiTWVzc2FnZSBzZW50LiBUaGFuayB5b3UuIjtzOjE3OiJjb250YWN0X3NlbnRfZnJvbSI7czo2OiJlbmFibGUiO3M6MjA6ImNvbnRhY3RfbmFtZV9yZXF1aXJlIjtiOjE7czoyMToiY29udGFjdF9lbWFpbF9yZXF1aXJlIjtiOjE7fQ==<\/script>\n            <script type=\"text\/javascript\">\n\t\t\t\t\/\/ To load orders instantly, even don't wait for document ready\n\t\t\t\t(function($){\n\t\t\t\t\tvar mylist = $('#contact-27-1-0-0').first().find('.builder-contact-fields'),\n                                            listitems = mylist.children('div').get();\n\n\t\t\t\t\tlistitems.sort(function (a, b) {\n\t\t\t\t\t\tvar compA = $(a).attr('data-order') ? parseInt( $(a).attr('data-order') ) : $(a).index(),\n                                                    compB = $(b).attr('data-order') ? parseInt( $(b).attr('data-order') ) : $(b).index();\n\t\t\t\t\t\treturn ( compA < compB ) ? -1 : ( compA > compB ) ? 1 : 0;\n\t\t\t\t\t});\n\t\t\t\t\t$.each(listitems, function (idx, itm) {\n\t\t\t\t\t\tmylist.append(itm);\n\t\t\t\t\t});\n\t\t\t\t})(jQuery);\n\t\t\t<\/script>\n        <\/form>\n\n            <\/div>\n    <!-- \/module contact -->\n\t        <\/div>\n\t    \t<\/div>\n\t\t    <\/div>\n\t    <!-- \/row_inner -->\n\t<\/div>\n\t<!-- \/module_row -->\n\t<\/div>\n\n","protected":false},"excerpt":{"rendered":"<p>CONTACTEZ-NOUS 11 rue de l&rsquo;Artisanat, PAE La Baume 1, 34290 Servian tmsfrancesud@tmsfrancesud.fr 04 67 39 29 19 Nom * Email * Objet * Message * Entreprise * Envoyer<\/p>\n","protected":false},"author":1,"featured_media":0,"parent":0,"menu_order":0,"comment_status":"closed","ping_status":"closed","template":"","meta":{"footnotes":""},"class_list":["post-27","page","type-page","status-publish","hentry","has-post-title","has-post-date","has-post-category","has-post-tag","has-post-comment","has-post-author",""],"yoast_head":"<!-- This site is optimized with the Yoast SEO plugin v17.7.1 - https:\/\/yoast.com\/wordpress\/plugins\/seo\/ -->\n<title>Contact - TMSFranceSud<\/title>\n<meta name=\"robots\" content=\"index, follow, max-snippet:-1, max-image-preview:large, max-video-preview:-1\" \/>\n<link rel=\"canonical\" href=\"https:\/\/tmsfrancesud.fr\/index.php\/contact\/\" \/>\n<meta property=\"og:locale\" content=\"fr_FR\" \/>\n<meta property=\"og:type\" content=\"article\" \/>\n<meta property=\"og:title\" content=\"Contact - TMSFranceSud\" \/>\n<meta property=\"og:description\" content=\"CONTACTEZ-NOUS 11 rue de l&rsquo;Artisanat, PAE La Baume 1, 34290 Servian tmsfrancesud@tmsfrancesud.fr 04 67 39 29 19 Nom * Email * Objet * Message * Entreprise * Envoyer\" \/>\n<meta property=\"og:url\" content=\"https:\/\/tmsfrancesud.fr\/index.php\/contact\/\" \/>\n<meta property=\"og:site_name\" content=\"TMSFranceSud\" \/>\n<meta property=\"article:modified_time\" content=\"2023-09-28T13:48:02+00:00\" \/>\n<meta name=\"twitter:card\" content=\"summary_large_image\" \/>\n<meta name=\"twitter:label1\" content=\"Dur\u00e9e de lecture estim\u00e9e\" \/>\n\t<meta name=\"twitter:data1\" content=\"1 minute\" \/>\n<script type=\"application\/ld+json\" class=\"yoast-schema-graph\">{\"@context\":\"https:\/\/schema.org\",\"@graph\":[{\"@type\":\"WebSite\",\"@id\":\"https:\/\/tmsfrancesud.fr\/#website\",\"url\":\"https:\/\/tmsfrancesud.fr\/\",\"name\":\"TMSFranceSud\",\"description\":\"Vente de pi\\u00e8ces d\\u00e9tach\\u00e9es pour engins de terrassement, mines et carri\\u00e8res\",\"potentialAction\":[{\"@type\":\"SearchAction\",\"target\":{\"@type\":\"EntryPoint\",\"urlTemplate\":\"https:\/\/tmsfrancesud.fr\/?s={search_term_string}\"},\"query-input\":\"required name=search_term_string\"}],\"inLanguage\":\"fr-FR\"},{\"@type\":\"WebPage\",\"@id\":\"https:\/\/tmsfrancesud.fr\/index.php\/contact\/#webpage\",\"url\":\"https:\/\/tmsfrancesud.fr\/index.php\/contact\/\",\"name\":\"Contact - TMSFranceSud\",\"isPartOf\":{\"@id\":\"https:\/\/tmsfrancesud.fr\/#website\"},\"datePublished\":\"2016-12-28T04:25:41+00:00\",\"dateModified\":\"2023-09-28T13:48:02+00:00\",\"breadcrumb\":{\"@id\":\"https:\/\/tmsfrancesud.fr\/index.php\/contact\/#breadcrumb\"},\"inLanguage\":\"fr-FR\",\"potentialAction\":[{\"@type\":\"ReadAction\",\"target\":[\"https:\/\/tmsfrancesud.fr\/index.php\/contact\/\"]}]},{\"@type\":\"BreadcrumbList\",\"@id\":\"https:\/\/tmsfrancesud.fr\/index.php\/contact\/#breadcrumb\",\"itemListElement\":[{\"@type\":\"ListItem\",\"position\":1,\"name\":\"Accueil\",\"item\":\"https:\/\/tmsfrancesud.fr\/\"},{\"@type\":\"ListItem\",\"position\":2,\"name\":\"Contact\"}]}]}<\/script>\n<!-- \/ Yoast SEO plugin. -->","yoast_head_json":{"title":"Contact - TMSFranceSud","robots":{"index":"index","follow":"follow","max-snippet":"max-snippet:-1","max-image-preview":"max-image-preview:large","max-video-preview":"max-video-preview:-1"},"canonical":"https:\/\/tmsfrancesud.fr\/index.php\/contact\/","og_locale":"fr_FR","og_type":"article","og_title":"Contact - TMSFranceSud","og_description":"CONTACTEZ-NOUS 11 rue de l&rsquo;Artisanat, PAE La Baume 1, 34290 Servian tmsfrancesud@tmsfrancesud.fr 04 67 39 29 19 Nom * Email * Objet * Message * Entreprise * Envoyer","og_url":"https:\/\/tmsfrancesud.fr\/index.php\/contact\/","og_site_name":"TMSFranceSud","article_modified_time":"2023-09-28T13:48:02+00:00","twitter_card":"summary_large_image","twitter_misc":{"Dur\u00e9e de lecture estim\u00e9e":"1 minute"},"schema":{"@context":"https:\/\/schema.org","@graph":[{"@type":"WebSite","@id":"https:\/\/tmsfrancesud.fr\/#website","url":"https:\/\/tmsfrancesud.fr\/","name":"TMSFranceSud","description":"Vente de pi\u00e8ces d\u00e9tach\u00e9es pour engins de terrassement, mines et carri\u00e8res","potentialAction":[{"@type":"SearchAction","target":{"@type":"EntryPoint","urlTemplate":"https:\/\/tmsfrancesud.fr\/?s={search_term_string}"},"query-input":"required name=search_term_string"}],"inLanguage":"fr-FR"},{"@type":"WebPage","@id":"https:\/\/tmsfrancesud.fr\/index.php\/contact\/#webpage","url":"https:\/\/tmsfrancesud.fr\/index.php\/contact\/","name":"Contact - TMSFranceSud","isPartOf":{"@id":"https:\/\/tmsfrancesud.fr\/#website"},"datePublished":"2016-12-28T04:25:41+00:00","dateModified":"2023-09-28T13:48:02+00:00","breadcrumb":{"@id":"https:\/\/tmsfrancesud.fr\/index.php\/contact\/#breadcrumb"},"inLanguage":"fr-FR","potentialAction":[{"@type":"ReadAction","target":["https:\/\/tmsfrancesud.fr\/index.php\/contact\/"]}]},{"@type":"BreadcrumbList","@id":"https:\/\/tmsfrancesud.fr\/index.php\/contact\/#breadcrumb","itemListElement":[{"@type":"ListItem","position":1,"name":"Accueil","item":"https:\/\/tmsfrancesud.fr\/"},{"@type":"ListItem","position":2,"name":"Contact"}]}]}},"builder_content":"<h3>CONTACTEZ-NOUS<\/h3>\n11 rue de l'Artisanat, PAE La Baume 1, 34290 Servian tmsfrancesud@tmsfrancesud.fr 04 67 39 29 19\n<form action=\"https:\/\/tmsfrancesud.fr\/wp-admin\/admin-ajax.php\" id=\"contact-0--form\" method=\"post\"> <label for=\"contact-0--contact-name\">Nom *<\/label> <input type=\"text\" name=\"contact-name\" placeholder=\"\" id=\"contact-0--contact-name\" value=\"\" required\/> <label for=\"contact-0--contact-email\">Email *<\/label> <input type=\"text\" name=\"contact-email\" placeholder=\"\" id=\"contact-0--contact-email\" value=\"\" required \/> <label for=\"contact-0--contact-subject\">Objet *<\/label> <input type=\"text\" name=\"contact-subject\" placeholder=\"\" id=\"contact-0--contact-subject\" value=\"\" required \/> <label for=\"contact-0--contact-message\">Message *<\/label> <textarea name=\"contact-message\" placeholder=\"\" id=\"contact-0--contact-message\" rows=\"8\" cols=\"45\" required><\/textarea> <label for=\"field_extra_0\"> Entreprise <input type=\"hidden\" name=\"field_extra_name_0\" value=\"Entreprise\"\/> * <\/label> <input type=\"text\" name=\"field_extra_0\" id=\"field_extra_0\" placeholder=\"\" required \/> <button type=\"submit\"> Envoyer <\/button> <\/form>","_links":{"self":[{"href":"https:\/\/tmsfrancesud.fr\/index.php\/wp-json\/wp\/v2\/pages\/27","targetHints":{"allow":["GET"]}}],"collection":[{"href":"https:\/\/tmsfrancesud.fr\/index.php\/wp-json\/wp\/v2\/pages"}],"about":[{"href":"https:\/\/tmsfrancesud.fr\/index.php\/wp-json\/wp\/v2\/types\/page"}],"author":[{"embeddable":true,"href":"https:\/\/tmsfrancesud.fr\/index.php\/wp-json\/wp\/v2\/users\/1"}],"replies":[{"embeddable":true,"href":"https:\/\/tmsfrancesud.fr\/index.php\/wp-json\/wp\/v2\/comments?post=27"}],"version-history":[{"count":5,"href":"https:\/\/tmsfrancesud.fr\/index.php\/wp-json\/wp\/v2\/pages\/27\/revisions"}],"predecessor-version":[{"id":145,"href":"https:\/\/tmsfrancesud.fr\/index.php\/wp-json\/wp\/v2\/pages\/27\/revisions\/145"}],"wp:attachment":[{"href":"https:\/\/tmsfrancesud.fr\/index.php\/wp-json\/wp\/v2\/media?parent=27"}],"curies":[{"name":"wp","href":"https:\/\/api.w.org\/{rel}","templated":true}]}}